{"id":118,"date":"2018-11-14T13:50:17","date_gmt":"2018-11-14T12:50:17","guid":{"rendered":"http:\/\/asi-an.fr\/?page_id=118"},"modified":"2022-03-03T19:14:59","modified_gmt":"2022-03-03T18:14:59","slug":"evenements","status":"publish","type":"page","link":"https:\/\/asi-an.fr\/index.php\/evenements\/","title":{"rendered":"\u00c9v\u00e9nements"},"content":{"rendered":"<h2>Inauguration du restaurant Asi&rsquo;an<\/h2>\n<p>Apr\u00e8s des mois de pr\u00e9paration acharn\u00e9s, nous avons eu le plaisir d&rsquo;inaugurer le restaurant le lundi 12 novembre 2018.<\/p>\n<p>Pour cette premi\u00e8re, nous avons \u00e9t\u00e9 heureux et fiers de vous accueillir aussi nombreux dans votre tout nouveau restaurant.<\/p>\n<p>Nous esp\u00e9rons que la d\u00e9coration vous plaise. Nous avons mis tout notre coeur et toute notre imagination afin de vous concocter un lieu unique \u00e0 la fois moderne, traditionnel et zen.<\/p>\n<p>N&rsquo;h\u00e9sitez pas \u00e0 nous faire part de vos commentaires sur la page <a href=\"https:\/\/www.facebook.com\/Asian68400\" target=\"blank\" rel=\"noopener\">facebook<\/a> du restaurant.<\/p>\n<p>Merci !<\/p>\n","protected":false},"excerpt":{"rendered":"<p>Inauguration du restaurant Asi&rsquo;an Apr\u00e8s des mois de pr\u00e9paration acharn\u00e9s, nous avons eu le plaisir&hellip;<\/p>\n","protected":false},"author":1,"featured_media":515,"parent":0,"menu_order":0,"comment_status":"closed","ping_status":"closed","template":"","meta":{"ngg_post_thumbnail":0},"_links":{"self":[{"href":"https:\/\/asi-an.fr\/index.php\/wp-json\/wp\/v2\/pages\/118"}],"collection":[{"href":"https:\/\/asi-an.fr\/index.php\/wp-json\/wp\/v2\/pages"}],"about":[{"href":"https:\/\/asi-an.fr\/index.php\/wp-json\/wp\/v2\/types\/page"}],"author":[{"embeddable":true,"href":"https:\/\/asi-an.fr\/index.php\/wp-json\/wp\/v2\/users\/1"}],"replies":[{"embeddable":true,"href":"https:\/\/asi-an.fr\/index.php\/wp-json\/wp\/v2\/comments?post=118"}],"version-history":[{"count":22,"href":"https:\/\/asi-an.fr\/index.php\/wp-json\/wp\/v2\/pages\/118\/revisions"}],"predecessor-version":[{"id":512,"href":"https:\/\/asi-an.fr\/index.php\/wp-json\/wp\/v2\/pages\/118\/revisions\/512"}],"wp:featuredmedia":[{"embeddable":true,"href":"https:\/\/asi-an.fr\/index.php\/wp-json\/wp\/v2\/media\/515"}],"wp:attachment":[{"href":"https:\/\/asi-an.fr\/index.php\/wp-json\/wp\/v2\/media?parent=118"}],"curies":[{"name":"wp","href":"https:\/\/api.w.org\/{rel}","templated":true}]}}